{"id":30269,"date":"2025-11-22T11:20:51","date_gmt":"2025-11-22T10:20:51","guid":{"rendered":"https:\/\/alarconortodoncia.com\/?page_id=30269"},"modified":"2025-11-22T11:20:51","modified_gmt":"2025-11-22T10:20:51","slug":"estetica-dental","status":"publish","type":"page","link":"https:\/\/new.alarconodontologos.com\/?page_id=30269","title":{"rendered":"EST\u00c9TICA DENTAL"},"content":{"rendered":"\t\t<div data-elementor-type=\"wp-page\" data-elementor-id=\"30269\" class=\"elementor elementor-30269\" data-elementor-post-type=\"page\">\n\t\t\t\t\t\t<section class=\"elementor-section elementor-top-section elementor-element elementor-element-4b569cc4 elementor-section-full_width elementor-section-height-default elementor-section-height-default\" data-id=\"4b569cc4\" data-element_type=\"section\" data-e-type=\"section\">\n\t\t\t\t\t\t<div class=\"elementor-container elementor-column-gap-no\">\n\t\t\t\t\t<div class=\"elementor-column elementor-col-100 elementor-top-column elementor-element elementor-element-4951dd0a\" data-id=\"4951dd0a\" data-element_type=\"column\" data-e-type=\"column\">\n\t\t\t<div class=\"elementor-widget-wrap elementor-element-populated\">\n\t\t\t\t\t\t<section class=\"elementor-section elementor-inner-section elementor-element elementor-element-aacf9e elementor-section-content-middle elementor-section-boxed elementor-section-height-default elementor-section-height-default\" data-id=\"aacf9e\" data-element_type=\"section\" data-e-type=\"section\">\n\t\t\t\t\t\t<div class=\"elementor-container elementor-column-gap-default\">\n\t\t\t\t\t<div class=\"elementor-column elementor-col-50 elementor-inner-column elementor-element elementor-element-69086783\" data-id=\"69086783\" data-element_type=\"column\" data-e-type=\"column\">\n\t\t\t<div class=\"elementor-widget-wrap elementor-element-populated\">\n\t\t\t\t\t\t<div class=\"elementor-element elementor-element-7003710c elementor-widget elementor-widget-text-editor\" data-id=\"7003710c\" data-element_type=\"widget\" data-e-type=\"widget\" data-widget_type=\"text-editor.default\">\n\t\t\t\t\t\t\t\t\t<div class=\"title-h2\"><span style=\"color: #3c3950;\">Tu Sonrisa, Tu Mejor Presentaci\u00f3n:<\/span> <span style=\"color: #00bcd4;\">Est\u00e9tica Dental en Granada<\/span><\/div>\t\t\t\t\t\t\t\t<\/div>\n\t\t\t\t\t<\/div>\n\t\t<\/div>\n\t\t\t\t<div class=\"elementor-column elementor-col-50 elementor-inner-column elementor-element elementor-element-43998c2\" data-id=\"43998c2\" data-element_type=\"column\" data-e-type=\"column\">\n\t\t\t<div class=\"elementor-widget-wrap elementor-element-populated\">\n\t\t\t\t\t\t<div class=\"elementor-element elementor-element-db5ce3d elementor-widget elementor-widget-text-editor\" data-id=\"db5ce3d\" data-element_type=\"widget\" data-e-type=\"widget\" data-widget_type=\"text-editor.default\">\n\t\t\t\t\t\t\t\t\t<p data-path-to-node=\"5\"><b>\u00bfPor qu\u00e9 es crucial la est\u00e9tica dental?<\/b><\/p><ul data-path-to-node=\"6\"><li><p data-path-to-node=\"6,0,0\"><b>Aumenta tu Confianza:<\/b> Sentirte seguro con tu sonrisa te anima a interactuar m\u00e1s y a mostrarte tal y como eres, mejorando tus relaciones sociales y profesionales.<\/p><\/li><li><p data-path-to-node=\"6,1,0\"><b>Mejora tu Bienestar General:<\/b> Los tratamientos est\u00e9ticos modernos no solo embellecen, sino que a menudo corrigen problemas funcionales, como la alineaci\u00f3n o el desgaste dental, contribuyendo a una mejor salud bucal a largo plazo.<\/p><\/li><li><p data-path-to-node=\"6,2,0\"><b>Impacto Positivo Inmediato:<\/b> Una sonrisa alineada, blanca y arm\u00f3nica proyecta vitalidad, cuidado personal y \u00e9xito. Es, de hecho, la primera impresi\u00f3n que muchas personas tienen de ti.<\/p><\/li><\/ul>\t\t\t\t\t\t\t\t<\/div>\n\t\t\t\t\t<\/div>\n\t\t<\/div>\n\t\t\t\t\t<\/div>\n\t\t<\/section>\n\t\t\t\t<section class=\"elementor-section elementor-inner-section elementor-element elementor-element-4b48213a elementor-section-full_width elementor-section-height-default elementor-section-height-default\" data-id=\"4b48213a\" data-element_type=\"section\" data-e-type=\"section\" data-settings=\"{&quot;background_background&quot;:&quot;classic&quot;}\">\n\t\t\t\t\t\t<div class=\"elementor-container elementor-column-gap-no\">\n\t\t\t\t\t<div class=\"elementor-column elementor-col-50 elementor-inner-column elementor-element elementor-element-4f913b7b\" data-id=\"4f913b7b\" data-element_type=\"column\" data-e-type=\"column\" data-settings=\"{&quot;background_background&quot;:&quot;classic&quot;}\">\n\t\t\t<div class=\"elementor-widget-wrap elementor-element-populated\">\n\t\t\t\t\t<div class=\"elementor-background-overlay\"><\/div>\n\t\t\t\t\t\t<div class=\"elementor-element elementor-element-35c4ec77 elementor-widget elementor-widget-spacer\" data-id=\"35c4ec77\" data-element_type=\"widget\" data-e-type=\"widget\" data-widget_type=\"spacer.default\">\n\t\t\t\t\t\t\t<div class=\"elementor-spacer\">\n\t\t\t<div class=\"elementor-spacer-inner\"><\/div>\n\t\t<\/div>\n\t\t\t\t\t\t<\/div>\n\t\t\t\t\t<\/div>\n\t\t<\/div>\n\t\t\t\t<div class=\"elementor-column elementor-col-50 elementor-inner-column elementor-element elementor-element-20643c8b\" data-id=\"20643c8b\" data-element_type=\"column\" data-e-type=\"column\" data-settings=\"{&quot;background_background&quot;:&quot;classic&quot;}\">\n\t\t\t<div class=\"elementor-widget-wrap elementor-element-populated\">\n\t\t\t\t\t\t<div class=\"elementor-element elementor-element-60a22818 elementor-widget elementor-widget-heading\" data-id=\"60a22818\" data-element_type=\"widget\" data-e-type=\"widget\" data-widget_type=\"heading.default\">\n\t\t\t\t\t<div class=\"elementor-heading-title elementor-size-default\">CARILLAS EST\u00c9TICAS<\/div>\t\t\t\t<\/div>\n\t\t\t\t<div class=\"elementor-element elementor-element-5cb2dd13 elementor-widget elementor-widget-text-editor\" data-id=\"5cb2dd13\" data-element_type=\"widget\" data-e-type=\"widget\" data-widget_type=\"text-editor.default\">\n\t\t\t\t\t\t\t\t\t<p><span style=\"font-weight: 400;\">Se trata de un <\/span><b>procedimiento odontol\u00f3gico<\/b><span style=\"font-weight: 400;\"> restaurativo encaminado al \u201cenmascaramiento\u201d de la superficie visible del <\/span><b>diente<\/b><span style=\"font-weight: 400;\">, con el fin de corregir <\/span><b>problemas est\u00e9ticos<\/b><span style=\"font-weight: 400;\"> o patol\u00f3gicos de los dientes, ocasionados por caries dental, restauraciones previas, fracturas, cambios de color o alteraciones de la forma <\/span><b>dental<\/b><span style=\"font-weight: 400;\">.<\/span><\/p>\t\t\t\t\t\t\t\t<\/div>\n\t\t\t\t\t<\/div>\n\t\t<\/div>\n\t\t\t\t\t<\/div>\n\t\t<\/section>\n\t\t\t\t<section class=\"elementor-section elementor-inner-section elementor-element elementor-element-4839071 elementor-section-full_width elementor-section-height-default elementor-section-height-default\" data-id=\"4839071\" data-element_type=\"section\" data-e-type=\"section\" data-settings=\"{&quot;background_background&quot;:&quot;classic&quot;}\">\n\t\t\t\t\t\t<div class=\"elementor-container elementor-column-gap-no\">\n\t\t\t\t\t<div class=\"elementor-column elementor-col-50 elementor-inner-column elementor-element elementor-element-559fb3c\" data-id=\"559fb3c\" data-element_type=\"column\" data-e-type=\"column\" data-settings=\"{&quot;background_background&quot;:&quot;classic&quot;}\">\n\t\t\t<div class=\"elementor-widget-wrap elementor-element-populated\">\n\t\t\t\t\t\t<div class=\"elementor-element elementor-element-1b64202 elementor-widget elementor-widget-heading\" data-id=\"1b64202\" data-element_type=\"widget\" data-e-type=\"widget\" data-widget_type=\"heading.default\">\n\t\t\t\t\t<div class=\"elementor-heading-title elementor-size-default\">RESTAURACIONES CER\u00c1MICAS<\/div>\t\t\t\t<\/div>\n\t\t\t\t<div class=\"elementor-element elementor-element-7345d87 elementor-widget elementor-widget-text-editor\" data-id=\"7345d87\" data-element_type=\"widget\" data-e-type=\"widget\" data-widget_type=\"text-editor.default\">\n\t\t\t\t\t\t\t\t\t<p><span style=\"font-weight: 400;\">Las <\/span><b>coronas dentales<\/b><span style=\"font-weight: 400;\"> o <\/span><b>fundas dentales<\/b><span style=\"font-weight: 400;\"> son un recubrimiento total del diente que simula su anatom\u00eda.<\/span><\/p><p><span style=\"font-weight: 400;\">Con los \u00faltimos avances en biomateriales <\/span><b>dentales<\/b><span style=\"font-weight: 400;\"> han surgido gran n\u00famero de sistemas para elaborar restauraciones libres de metal.<\/span><\/p><p><span style=\"font-weight: 400;\">Un importante grupo son las que permiten realizar restauraciones de excelente calidad, que son dise\u00f1adas y fabricadas por un computador CAD\/CAM.<\/span><\/p>\t\t\t\t\t\t\t\t<\/div>\n\t\t\t\t\t<\/div>\n\t\t<\/div>\n\t\t\t\t<div class=\"elementor-column elementor-col-50 elementor-inner-column elementor-element elementor-element-ed11f17\" data-id=\"ed11f17\" data-element_type=\"column\" data-e-type=\"column\" data-settings=\"{&quot;background_background&quot;:&quot;classic&quot;}\">\n\t\t\t<div class=\"elementor-widget-wrap elementor-element-populated\">\n\t\t\t\t\t<div class=\"elementor-background-overlay\"><\/div>\n\t\t\t\t\t\t<div class=\"elementor-element elementor-element-5ba153f elementor-widget elementor-widget-spacer\" data-id=\"5ba153f\" data-element_type=\"widget\" data-e-type=\"widget\" data-widget_type=\"spacer.default\">\n\t\t\t\t\t\t\t<div class=\"elementor-spacer\">\n\t\t\t<div class=\"elementor-spacer-inner\"><\/div>\n\t\t<\/div>\n\t\t\t\t\t\t<\/div>\n\t\t\t\t\t<\/div>\n\t\t<\/div>\n\t\t\t\t\t<\/div>\n\t\t<\/section>\n\t\t\t\t<section class=\"elementor-section elementor-inner-section elementor-element elementor-element-7350a9a elementor-section-full_width elementor-section-height-default elementor-section-height-default\" data-id=\"7350a9a\" data-element_type=\"section\" data-e-type=\"section\" data-settings=\"{&quot;background_background&quot;:&quot;classic&quot;}\">\n\t\t\t\t\t\t<div class=\"elementor-container elementor-column-gap-no\">\n\t\t\t\t\t<div class=\"elementor-column elementor-col-50 elementor-inner-column elementor-element elementor-element-0fa0aae\" data-id=\"0fa0aae\" data-element_type=\"column\" data-e-type=\"column\" data-settings=\"{&quot;background_background&quot;:&quot;classic&quot;}\">\n\t\t\t<div class=\"elementor-widget-wrap elementor-element-populated\">\n\t\t\t\t\t<div class=\"elementor-background-overlay\"><\/div>\n\t\t\t\t\t\t<div class=\"elementor-element elementor-element-6bbed82 elementor-widget elementor-widget-spacer\" data-id=\"6bbed82\" data-element_type=\"widget\" data-e-type=\"widget\" data-widget_type=\"spacer.default\">\n\t\t\t\t\t\t\t<div class=\"elementor-spacer\">\n\t\t\t<div class=\"elementor-spacer-inner\"><\/div>\n\t\t<\/div>\n\t\t\t\t\t\t<\/div>\n\t\t\t\t\t<\/div>\n\t\t<\/div>\n\t\t\t\t<div class=\"elementor-column elementor-col-50 elementor-inner-column elementor-element elementor-element-e296650\" data-id=\"e296650\" data-element_type=\"column\" data-e-type=\"column\" data-settings=\"{&quot;background_background&quot;:&quot;classic&quot;}\">\n\t\t\t<div class=\"elementor-widget-wrap elementor-element-populated\">\n\t\t\t\t\t\t<div class=\"elementor-element elementor-element-9418563 elementor-widget elementor-widget-heading\" data-id=\"9418563\" data-element_type=\"widget\" data-e-type=\"widget\" data-widget_type=\"heading.default\">\n\t\t\t\t\t<div class=\"elementor-heading-title elementor-size-default\">BLANQUEAMIENTOS<\/div>\t\t\t\t<\/div>\n\t\t\t\t<div class=\"elementor-element elementor-element-a06a9da elementor-widget elementor-widget-text-editor\" data-id=\"a06a9da\" data-element_type=\"widget\" data-e-type=\"widget\" data-widget_type=\"text-editor.default\">\n\t\t\t\t\t\t\t\t\t<p><i><span style=\"font-weight: 400;\">UNA SONRISA BLANCA ES UNA SONRISA SANA. DESCUBRE LOS NUEVOS TRATAMIENTOS BLANQUEADORES Y SACA A RELUCIR EL BLANCO<\/span><\/i><span style=\"font-weight: 400;\">.<\/span><\/p><p>\u00a0<\/p><p><span style=\"font-weight: 400;\">Es el proceso que se utiliza para tratar los <\/span><b>dientes<\/b><span style=\"font-weight: 400;\"> con fines est\u00e9ticos, eliminando el efecto de manchas o coloraciones de origen extr\u00ednseco o intr\u00ednseco.<\/span><\/p>\t\t\t\t\t\t\t\t<\/div>\n\t\t\t\t\t<\/div>\n\t\t<\/div>\n\t\t\t\t\t<\/div>\n\t\t<\/section>\n\t\t\t\t<section class=\"elementor-section elementor-inner-section elementor-element elementor-element-5703c02 elementor-section-full_width elementor-section-height-default elementor-section-height-default\" data-id=\"5703c02\" data-element_type=\"section\" data-e-type=\"section\" data-settings=\"{&quot;background_background&quot;:&quot;classic&quot;}\">\n\t\t\t\t\t\t<div class=\"elementor-container elementor-column-gap-no\">\n\t\t\t\t\t<div class=\"elementor-column elementor-col-50 elementor-inner-column elementor-element elementor-element-30ec507\" data-id=\"30ec507\" data-element_type=\"column\" data-e-type=\"column\" data-settings=\"{&quot;background_background&quot;:&quot;classic&quot;}\">\n\t\t\t<div class=\"elementor-widget-wrap elementor-element-populated\">\n\t\t\t\t\t\t<div class=\"elementor-element elementor-element-d9ad0d7 elementor-widget elementor-widget-heading\" data-id=\"d9ad0d7\" data-element_type=\"widget\" data-e-type=\"widget\" data-widget_type=\"heading.default\">\n\t\t\t\t\t<div class=\"elementor-heading-title elementor-size-default\">LIMPIEZA DENTAL<\/div>\t\t\t\t<\/div>\n\t\t\t\t<div class=\"elementor-element elementor-element-def2de6 elementor-widget elementor-widget-text-editor\" data-id=\"def2de6\" data-element_type=\"widget\" data-e-type=\"widget\" data-widget_type=\"text-editor.default\">\n\t\t\t\t\t\t\t\t\t<p><span style=\"font-weight: 400;\">Tener los dientes y enc\u00edas perfectamente limpios es b\u00e1sico para que una sonrisa resulte agradable y\u00a0 atractiva. Pero la limpieza dental no es solo una cuesti\u00f3n est\u00e9tica. Es la manera m\u00e1s efectiva de prevenir caries o problemas de enc\u00edas. En ALARC\u00d3N ODONT\u00d3LOGOS contamos con tecnolog\u00eda espec\u00edfica de vanguardia y la recomendamos al menos una vez al a\u00f1o. As\u00ed que para mantener tu sonrisa perfecta y asegurar tu salud dental, ven a probar nuestra limpieza dental con aeropulidor.<\/span><\/p>\t\t\t\t\t\t\t\t<\/div>\n\t\t\t\t\t<\/div>\n\t\t<\/div>\n\t\t\t\t<div class=\"elementor-column elementor-col-50 elementor-inner-column elementor-element elementor-element-f5f678d\" data-id=\"f5f678d\" data-element_type=\"column\" data-e-type=\"column\" data-settings=\"{&quot;background_background&quot;:&quot;classic&quot;}\">\n\t\t\t<div class=\"elementor-widget-wrap elementor-element-populated\">\n\t\t\t\t\t<div class=\"elementor-background-overlay\"><\/div>\n\t\t\t\t\t\t<div class=\"elementor-element elementor-element-624de9a elementor-widget elementor-widget-spacer\" data-id=\"624de9a\" data-element_type=\"widget\" data-e-type=\"widget\" data-widget_type=\"spacer.default\">\n\t\t\t\t\t\t\t<div class=\"elementor-spacer\">\n\t\t\t<div class=\"elementor-spacer-inner\"><\/div>\n\t\t<\/div>\n\t\t\t\t\t\t<\/div>\n\t\t\t\t\t<\/div>\n\t\t<\/div>\n\t\t\t\t\t<\/div>\n\t\t<\/section>\n\t\t\t\t\t<\/div>\n\t\t<\/div>\n\t\t\t\t\t<\/div>\n\t\t<\/section>\n\t\t\t\t<\/div>\n\t\t","protected":false},"excerpt":{"rendered":"<p>Tu Sonrisa, Tu Mejor Presentaci\u00f3n: Est\u00e9tica Dental en Granada \u00bfPor qu\u00e9 es crucial la est\u00e9tica dental? Aumenta tu Confianza: Sentirte seguro con tu sonrisa te anima a interactuar m\u00e1s y a mostrarte tal y como eres, mejorando tus relaciones sociales y profesionales. Mejora tu Bienestar General: Los tratamientos est\u00e9ticos modernos no solo embellecen, sino que&hellip;<\/p>\n","protected":false},"author":1,"featured_media":0,"parent":24825,"menu_order":0,"comment_status":"closed","ping_status":"closed","template":"page-fullwidth.php","meta":{"footnotes":""},"class_list":["post-30269","page","type-page","status-publish","hentry"],"_links":{"self":[{"href":"https:\/\/new.alarconodontologos.com\/index.php?rest_route=\/wp\/v2\/pages\/30269","targetHints":{"allow":["GET"]}}],"collection":[{"href":"https:\/\/new.alarconodontologos.com\/index.php?rest_route=\/wp\/v2\/pages"}],"about":[{"href":"https:\/\/new.alarconodontologos.com\/index.php?rest_route=\/wp\/v2\/types\/page"}],"author":[{"embeddable":true,"href":"https:\/\/new.alarconodontologos.com\/index.php?rest_route=\/wp\/v2\/users\/1"}],"replies":[{"embeddable":true,"href":"https:\/\/new.alarconodontologos.com\/index.php?rest_route=%2Fwp%2Fv2%2Fcomments&post=30269"}],"version-history":[{"count":0,"href":"https:\/\/new.alarconodontologos.com\/index.php?rest_route=\/wp\/v2\/pages\/30269\/revisions"}],"up":[{"embeddable":true,"href":"https:\/\/new.alarconodontologos.com\/index.php?rest_route=\/wp\/v2\/pages\/24825"}],"wp:attachment":[{"href":"https:\/\/new.alarconodontologos.com\/index.php?rest_route=%2Fwp%2Fv2%2Fmedia&parent=30269"}],"curies":[{"name":"wp","href":"https:\/\/api.w.org\/{rel}","templated":true}]}}