{"id":30273,"date":"2025-11-22T11:21:47","date_gmt":"2025-11-22T10:21:47","guid":{"rendered":"https:\/\/alarconortodoncia.com\/?page_id=30273"},"modified":"2025-11-22T11:21:47","modified_gmt":"2025-11-22T10:21:47","slug":"implantes-dentales","status":"publish","type":"page","link":"https:\/\/new.alarconodontologos.com\/?page_id=30273","title":{"rendered":"IMPLANTES DENTALES"},"content":{"rendered":"\t\t<div data-elementor-type=\"wp-page\" data-elementor-id=\"30273\" class=\"elementor elementor-30273\" data-elementor-post-type=\"page\">\n\t\t\t\t<div class=\"elementor-element elementor-element-9b43c63 e-flex e-con-boxed e-con e-parent\" data-id=\"9b43c63\" data-element_type=\"container\" data-e-type=\"container\">\n\t\t\t\t\t<div class=\"e-con-inner\">\n\t\t\t\t<div class=\"elementor-element elementor-element-052b2c4 elementor-widget elementor-widget-heading\" data-id=\"052b2c4\" data-element_type=\"widget\" data-e-type=\"widget\" data-widget_type=\"heading.default\">\n\t\t\t\t\t<h2 class=\"elementor-heading-title elementor-size-default\">IMPLANTES DENTALES EN GRANADA<\/h2>\t\t\t\t<\/div>\n\t\t\t\t<div class=\"elementor-element elementor-element-e068ee1 elementor-widget elementor-widget-text-editor\" data-id=\"e068ee1\" data-element_type=\"widget\" data-e-type=\"widget\" data-widget_type=\"text-editor.default\">\n\t\t\t\t\t\t\t\t\t<p>Los implantes son el equivalente a una ra\u00edz dental artificial. Fabricados en titanio, un material ligero, moldeable y de gran dureza, estos implantes son totalmente biocompatibles.\u00a0<\/p><p>Posteriormente se dise\u00f1a y produce uno o varios dientes (llamado habitualmente corona), a medida en tama\u00f1o y color que se conecta al implante mediante un pilar. Tambi\u00e9n se puede colocar una dentadura completa para mejorar la calidad de vida de los pacientes.<\/p>\t\t\t\t\t\t\t\t<\/div>\n\t\t\t\t\t<\/div>\n\t\t\t\t<\/div>\n\t\t<div class=\"elementor-element elementor-element-9784721 e-con-full e-flex e-con e-parent\" data-id=\"9784721\" data-element_type=\"container\" data-e-type=\"container\" data-settings=\"{&quot;background_background&quot;:&quot;classic&quot;}\">\n\t\t<div class=\"elementor-element elementor-element-b74e027 e-con-full e-flex e-con e-child\" data-id=\"b74e027\" data-element_type=\"container\" data-e-type=\"container\" data-settings=\"{&quot;background_background&quot;:&quot;classic&quot;}\">\n\t\t\t\t<\/div>\n\t\t<div class=\"elementor-element elementor-element-11abee6 e-con-full e-flex e-con e-child\" data-id=\"11abee6\" data-element_type=\"container\" data-e-type=\"container\" data-settings=\"{&quot;background_background&quot;:&quot;classic&quot;}\">\n\t\t\t\t<div class=\"elementor-element elementor-element-9ca5214 elementor-widget elementor-widget-text-editor\" data-id=\"9ca5214\" data-element_type=\"widget\" data-e-type=\"widget\" data-widget_type=\"text-editor.default\">\n\t\t\t\t\t\t\t\t\t<p><span style=\"font-weight: 400;\">El procedimiento a seguir en la colocaci\u00f3n de implantes dentales es distinto en cada caso y debe ser personalizado; nuestro equipo implantol\u00f3gico le informar\u00e1 con detalle.<\/span><\/p>\t\t\t\t\t\t\t\t<\/div>\n\t\t\t\t<\/div>\n\t\t\t\t<\/div>\n\t\t<div class=\"elementor-element elementor-element-1ff7388 e-flex e-con-boxed e-con e-parent\" data-id=\"1ff7388\" data-element_type=\"container\" data-e-type=\"container\">\n\t\t\t\t\t<div class=\"e-con-inner\">\n\t\t\t\t<div class=\"elementor-element elementor-element-2ce80fd elementor-widget elementor-widget-text-editor\" data-id=\"2ce80fd\" data-element_type=\"widget\" data-e-type=\"widget\" data-widget_type=\"text-editor.default\">\n\t\t\t\t\t\t\t\t\t<p><span style=\"font-weight: 400;\">Habitualmente incluye:<\/span><\/p><h4><strong>1\u00aa Fase<\/strong><\/h4><p><span style=\"font-weight: 400;\">\u00a0Fase inicial de estudio y planificaci\u00f3n.<\/span><\/p><h4><strong>2\u00aa Fase<\/strong><\/h4><p><span style=\"font-weight: 400;\">En la que se coloca el implante en una cirug\u00eda indolora. Este proceso suele durar alrededor de 1 hora para la colocaci\u00f3n de un implante y no m\u00e1s de 2 \u00f3 3 para la colocaci\u00f3n de m\u00e1s. Seguimos un protocolo por el cual:<\/span><\/p><ul><li style=\"font-weight: 400;\" aria-checked=\"false\" aria-level=\"1\"><span style=\"font-weight: 400;\">Evaluamos y planificamos.<\/span><\/li><li style=\"font-weight: 400;\" aria-checked=\"false\" aria-level=\"1\"><span style=\"font-weight: 400;\">Premedicar al paciente con antibi\u00f3tico, analg\u00e9sicos antiinflamatorios y un sedante (por ello recomendamos que no conduzca tras la intervenci\u00f3n).<\/span><\/li><li style=\"font-weight: 400;\" aria-checked=\"false\" aria-level=\"1\"><span style=\"font-weight: 400;\">Anestesiamos la zona a intervenir de forma local (como para cualquier tratamiento odontol\u00f3gico).<\/span><\/li><li style=\"font-weight: 400;\" aria-checked=\"false\" aria-level=\"1\"><span style=\"font-weight: 400;\">Preparamos el lecho para el implante, en un gabinete de uso exclusivo quir\u00fargico y con las m\u00e1s estrictas medidas de esterilidad.<\/span><\/li><li style=\"font-weight: 400;\" aria-checked=\"false\" aria-level=\"1\"><span style=\"font-weight: 400;\">Colocamos el implante dental y cerramos la mucosa.<\/span><\/li><li style=\"font-weight: 400;\" aria-checked=\"false\" aria-level=\"1\"><span style=\"font-weight: 400;\">Dejamos al paciente en una sala de recuperaci\u00f3n un tiempo para que se recupere y se le facilitan las instrucciones postoperatorias.<\/span><\/li><li style=\"font-weight: 400;\" aria-checked=\"false\" aria-level=\"1\"><span style=\"font-weight: 400;\">Hacemos una radiograf\u00eda de control postquir\u00fargica.<\/span><\/li><\/ul><h4><strong>3\u00aa Fase<\/strong><\/h4><p><span style=\"font-weight: 400;\">Tras esperar alrededor de 3 meses en el maxilar inferior y de 6 en el superior, se realiza una radiograf\u00eda de control para asegurarse de la buena integraci\u00f3n del implante en el hueso.<\/span><\/p><p><span style=\"font-weight: 400;\">En el plazo de 3-4 semanas se termina con la realizaci\u00f3n de la corona o de la pr\u00f3tesis.<\/span><\/p>\t\t\t\t\t\t\t\t<\/div>\n\t\t\t\t\t<\/div>\n\t\t\t\t<\/div>\n\t\t\t\t<\/div>\n\t\t","protected":false},"excerpt":{"rendered":"<p>IMPLANTES DENTALES EN GRANADA Los implantes son el equivalente a una ra\u00edz dental artificial. Fabricados en titanio, un material ligero, moldeable y de gran dureza, estos implantes son totalmente biocompatibles.\u00a0 Posteriormente se dise\u00f1a y produce uno o varios dientes (llamado habitualmente corona), a medida en tama\u00f1o y color que se conecta al implante mediante un&hellip;<\/p>\n","protected":false},"author":1,"featured_media":0,"parent":24825,"menu_order":0,"comment_status":"closed","ping_status":"closed","template":"page-fullwidth.php","meta":{"footnotes":""},"class_list":["post-30273","page","type-page","status-publish","hentry"],"_links":{"self":[{"href":"https:\/\/new.alarconodontologos.com\/index.php?rest_route=\/wp\/v2\/pages\/30273","targetHints":{"allow":["GET"]}}],"collection":[{"href":"https:\/\/new.alarconodontologos.com\/index.php?rest_route=\/wp\/v2\/pages"}],"about":[{"href":"https:\/\/new.alarconodontologos.com\/index.php?rest_route=\/wp\/v2\/types\/page"}],"author":[{"embeddable":true,"href":"https:\/\/new.alarconodontologos.com\/index.php?rest_route=\/wp\/v2\/users\/1"}],"replies":[{"embeddable":true,"href":"https:\/\/new.alarconodontologos.com\/index.php?rest_route=%2Fwp%2Fv2%2Fcomments&post=30273"}],"version-history":[{"count":0,"href":"https:\/\/new.alarconodontologos.com\/index.php?rest_route=\/wp\/v2\/pages\/30273\/revisions"}],"up":[{"embeddable":true,"href":"https:\/\/new.alarconodontologos.com\/index.php?rest_route=\/wp\/v2\/pages\/24825"}],"wp:attachment":[{"href":"https:\/\/new.alarconodontologos.com\/index.php?rest_route=%2Fwp%2Fv2%2Fmedia&parent=30273"}],"curies":[{"name":"wp","href":"https:\/\/api.w.org\/{rel}","templated":true}]}}