{"id":30275,"date":"2025-11-22T11:22:07","date_gmt":"2025-11-22T10:22:07","guid":{"rendered":"https:\/\/alarconortodoncia.com\/?page_id=30275"},"modified":"2025-11-22T11:22:07","modified_gmt":"2025-11-22T10:22:07","slug":"cirugia-oral","status":"publish","type":"page","link":"https:\/\/new.alarconodontologos.com\/?page_id=30275","title":{"rendered":"CIRUG\u00cdA ORAL"},"content":{"rendered":"\t\t<div data-elementor-type=\"wp-page\" data-elementor-id=\"30275\" class=\"elementor elementor-30275\" data-elementor-post-type=\"page\">\n\t\t\t\t<div class=\"elementor-element elementor-element-02d77f3 e-flex e-con-boxed e-con e-parent\" data-id=\"02d77f3\" data-element_type=\"container\" data-e-type=\"container\">\n\t\t\t\t\t<div class=\"e-con-inner\">\n\t\t\t\t<div class=\"elementor-element elementor-element-2544944 elementor-widget elementor-widget-text-editor\" data-id=\"2544944\" data-element_type=\"widget\" data-e-type=\"widget\" data-widget_type=\"text-editor.default\">\n\t\t\t\t\t\t\t\t\t<p><span style=\"font-weight: 400;\">EXTRACCIONES DENTALES COMPLEJAS:<\/span><\/p><p>\u00a0<\/p><p><span style=\"font-weight: 400;\">Hay circunstancias en las que una extracci\u00f3n dentaria puede ser complicada y dif\u00edcil quir\u00fargicamente, por lo que ser\u00e1 el cirujano oral el especialista m\u00e1s indicado para realizar dicha extracci\u00f3n.<\/span><\/p><p>\u00a0<\/p><p><span style=\"font-weight: 400;\">Por ejemplo si existen piezas dentarias que est\u00e1n totalmente destruidas y s\u00f3lo persiste la ra\u00edz incluida dentro del hueso o, aun sin darse este hecho, el paciente sufre una enfermedad sist\u00e9mica importante, trastornos de la coagulaci\u00f3n, ha recibido radioterapia, etc.,\u00a0<\/span><\/p><p>\u00a0<\/p><p><span style=\"font-weight: 400;\">DIENTES INCLUIDOS:<\/span><\/p><p>\u00a0<\/p><p><span style=\"font-weight: 400;\">Los dientes incluidos son dientes que no han erupcionado durante su per\u00edodo normal. Las inclusiones m\u00e1s frecuentes son las de los cordales (muelas del juicio) superiores o inferiores y la de los caninos (colmillos), sobre todo en el maxilar superior.<\/span><\/p><p>\u00a0<\/p><p><span style=\"font-weight: 400;\">En nuestra cl\u00ednica dental, llevamos a cabo una serie de tratamientos para prevenir o solucionar los dientes incluidos.<\/span><\/p><p>\u00a0<\/p><p><span style=\"font-weight: 400;\">\u2013 Extracci\u00f3n de las muelas de juicio (cordales incluidos)<\/span><\/p><p><span style=\"font-weight: 400;\">La extracci\u00f3n de las muelas del juicio o exodoncia de los cordales incluidos es una de las intervenciones m\u00e1s frecuentes que se practican actualmente en la cirug\u00eda oral y maxilofacial.<\/span><\/p><p>\u00a0<\/p><p><span style=\"font-weight: 400;\">En su intento por salir, los cordales, empujan al resto de dientes que ya est\u00e1n colocados en la arcada, pudiendo provocar diferentes problemas:<\/span><\/p><p>\u00a0<\/p><p><span style=\"font-weight: 400;\">\u2013 Cuando los cordales erupcionan parcialmente, la comunicaci\u00f3n parcial con los g\u00e9rmenes de la boca permitir\u00e1 que las bacterias crezcan y causen infecciones recurrentes. La consecuencia ser\u00e1 hinchaz\u00f3n, dolor, y dificultad de ingesti\u00f3n de alimentos y mal estado general.<\/span><\/p><p><span style=\"font-weight: 400;\">\u2013 La presi\u00f3n de las muelas del juicio que entran en erupci\u00f3n puede mover dientes y provocar un api\u00f1amiento de los dientes que naturalmente estaban alineados o hacer fracasar un tratamiento de ortodoncia.<\/span><\/p><p><span style=\"font-weight: 400;\">\u2013 El problema m\u00e1s grave, aunque tambi\u00e9n menos frecuente, es la formaci\u00f3n de tumores o los quistes que se forman alrededor de los cordales, dando por resultado la destrucci\u00f3n del hueso y de los dientes vecinos.<\/span><\/p><p>\u00a0<\/p><p><span style=\"font-weight: 400;\">Por todo ello y los diferentes estudios realizados, se ha demostrado la conveniencia de la exodoncia temprana de los cordales para evitar complicaciones y evitar riesgos de da\u00f1ar estructuras vecinas como nervios y dientes vecinos.<\/span><\/p><p>\u00a0<\/p><p><span style=\"font-weight: 400;\">La exploraci\u00f3n oral y la radiograf\u00eda nos permitir\u00e1n valorar la posici\u00f3n de las muelas, y la conveniencia de realizar la exodoncia antes de que aparezcan estos problemas. Alrededor de los primeros a\u00f1os de la adolescencia es conveniente una valoraci\u00f3n por su odont\u00f3logo, ortodoncista o cirujano oral para valorar cada caso individualmente.\u00a0<\/span><\/p><p>\u00a0<\/p><p><span style=\"font-weight: 400;\">T\u00e9cnica quir\u00fargica:<\/span><\/p><p>\u00a0<\/p><p><span style=\"font-weight: 400;\">La exodoncia quir\u00fargica de los cordales es una intervenci\u00f3n relativamente compleja y aunque habitualmente se realiza con anestesia local, es conveniente en muchas ocasiones realizarla con sedaci\u00f3n o anestesia general, prioritariamente cuando el paciente presenta alguna limitaci\u00f3n de la apertura de la boca, la manipulaci\u00f3n quir\u00fargica en la parte posterior de la boca le puede producir nauseas, pero sobre todo cuando son varias las extracciones a realizar.<\/span><\/p><p>\u00a0<\/p><p><span style=\"font-weight: 400;\">El postoperatorio viene determinado por la posici\u00f3n de los cordales y el tipo de intervenci\u00f3n. Generalmente, despu\u00e9s de la intervenci\u00f3n, estar\u00e1 unos d\u00edas inflamado y molesto. Si sigue las instrucciones postoperatorias de su cirujano maxilofacial, y toma la medicaci\u00f3n que este le recomiende, podr\u00e1 acelerar su recuperaci\u00f3n y disminuir las molestias.<\/span><\/p><p>\u00a0<\/p><p><span style=\"font-weight: 400;\">\u2013 Extracci\u00f3n de caninos incluidos<\/span><\/p><p><span style=\"font-weight: 400;\">\u00a0los caninos son los dientes que con mayor frecuencia presentan problemas de erupci\u00f3n, o no llegan a erupcionar quedando los dientes incluidos en el hueso. Esto se debe generalmente a que el paciente presenta una falta de espacio en la arcada o bien su posici\u00f3n dentro del hueso es incorrecta. En la mayor\u00eda de casos el diente temporal permanece incluso hasta edad adulta, ya que no es empujado por el definitivo. Adem\u00e1s, durante tu intento de erupcionar,\u00a0 el canino puede lesionar las ra\u00edces de los dientes cercanos a \u00e9l e incluso provocar su ca\u00edda.<\/span><\/p><p>\u00a0<\/p><p><span style=\"font-weight: 400;\">Generalmente la erupci\u00f3n del canino se produce alrededor de los 13 a\u00f1os. Sin embargo, es aconsejable no esperar a esta edad para detectar un problema, y realizar una ortopantomograf\u00eda (radiograf\u00eda panor\u00e1mica de la boca) a los 8-9 a\u00f1os para comprobar que el ni\u00f1o presenta todos los dientes, que no existir\u00e1n obst\u00e1culos a la erupci\u00f3n, y que estos se van a realizar de forma correcta.<\/span><\/p><p>\u00a0<\/p><p><span style=\"font-weight: 400;\">Como los caninos son dientes especialmente importantes en la arcada dental, por ser dientes muy fuertes y que dirigen a la boca en el movimiento de oclusi\u00f3n, se deben intentar todos los procedimientos para poder obtener su erupci\u00f3n.\u00a0<\/span><\/p><p><span style=\"font-weight: 400;\">Si la posici\u00f3n del canino es favorable, es posible optar por un tratamiento conservador e intentar su reposici\u00f3n en la arcada mediante un tratamiento combinado quir\u00fagico-ortod\u00f3ncico (fenestraci\u00f3n).<\/span><\/p><p>\u00a0<\/p><p><span style=\"font-weight: 400;\">\u2013 Fenestraci\u00f3n de caninos incluidos:<\/span><\/p><p><span style=\"font-weight: 400;\">La erupci\u00f3n guiada del canino incluido requiere de un tratamiento coordinado entre el cirujano maxilofacial y el ortodoncista. El cirujano debe realizar una peque\u00f1a ventana en la enc\u00eda (fenestrar) que permita al ortodoncista colocar un bracket (soporte ortod\u00f3ncico) para traccionar del diente hasta llevarlo a la arcada. Previamente el ortodoncista crear\u00e1 el espacio para el diente en la arcada mediante aparatolog\u00eda ortod\u00f3ncica, que a la vez servir\u00e1 como punto de apoyo para el movimiento de tracci\u00f3n.<\/span><\/p><p>\u00a0<\/p><p><span style=\"font-weight: 400;\">La fenestraci\u00f3n del canino es una intervenci\u00f3n que se suele realizar con anestesia local.\u00a0 suele ser un proceso generalmente indoloro, de 20-25 minutos de duraci\u00f3n, y con un postoperatorio que suele presentar un ligero edema (hinchaz\u00f3n), y que requiere una dieta blanda durante 2-3 d\u00edas. La coordinaci\u00f3n de los tratamientos implicar\u00e1 que, tras la retirada de los puntos de sutura (tras una semana), el paciente debe visitar en breve al ortodoncista para iniciar el tratamiento ortod\u00f3ncico.<\/span><\/p>\t\t\t\t\t\t\t\t<\/div>\n\t\t\t\t\t<\/div>\n\t\t\t\t<\/div>\n\t\t\t\t<\/div>\n\t\t","protected":false},"excerpt":{"rendered":"<p>EXTRACCIONES DENTALES COMPLEJAS: \u00a0 Hay circunstancias en las que una extracci\u00f3n dentaria puede ser complicada y dif\u00edcil quir\u00fargicamente, por lo que ser\u00e1 el cirujano oral el especialista m\u00e1s indicado para realizar dicha extracci\u00f3n. \u00a0 Por ejemplo si existen piezas dentarias que est\u00e1n totalmente destruidas y s\u00f3lo persiste la ra\u00edz incluida dentro del hueso o, aun&hellip;<\/p>\n","protected":false},"author":1,"featured_media":0,"parent":24825,"menu_order":0,"comment_status":"closed","ping_status":"closed","template":"page-fullwidth.php","meta":{"footnotes":""},"class_list":["post-30275","page","type-page","status-publish","hentry"],"_links":{"self":[{"href":"https:\/\/new.alarconodontologos.com\/index.php?rest_route=\/wp\/v2\/pages\/30275","targetHints":{"allow":["GET"]}}],"collection":[{"href":"https:\/\/new.alarconodontologos.com\/index.php?rest_route=\/wp\/v2\/pages"}],"about":[{"href":"https:\/\/new.alarconodontologos.com\/index.php?rest_route=\/wp\/v2\/types\/page"}],"author":[{"embeddable":true,"href":"https:\/\/new.alarconodontologos.com\/index.php?rest_route=\/wp\/v2\/users\/1"}],"replies":[{"embeddable":true,"href":"https:\/\/new.alarconodontologos.com\/index.php?rest_route=%2Fwp%2Fv2%2Fcomments&post=30275"}],"version-history":[{"count":0,"href":"https:\/\/new.alarconodontologos.com\/index.php?rest_route=\/wp\/v2\/pages\/30275\/revisions"}],"up":[{"embeddable":true,"href":"https:\/\/new.alarconodontologos.com\/index.php?rest_route=\/wp\/v2\/pages\/24825"}],"wp:attachment":[{"href":"https:\/\/new.alarconodontologos.com\/index.php?rest_route=%2Fwp%2Fv2%2Fmedia&parent=30275"}],"curies":[{"name":"wp","href":"https:\/\/api.w.org\/{rel}","templated":true}]}}