{"id":30277,"date":"2025-11-22T11:22:30","date_gmt":"2025-11-22T10:22:30","guid":{"rendered":"https:\/\/alarconortodoncia.com\/?page_id=30277"},"modified":"2025-11-22T11:22:30","modified_gmt":"2025-11-22T10:22:30","slug":"periodoncia","status":"publish","type":"page","link":"https:\/\/new.alarconodontologos.com\/?page_id=30277","title":{"rendered":"PERIODONCIA"},"content":{"rendered":"\t\t<div data-elementor-type=\"wp-page\" data-elementor-id=\"30277\" class=\"elementor elementor-30277\" data-elementor-post-type=\"page\">\n\t\t\t\t<div class=\"elementor-element elementor-element-2c43364 e-flex e-con-boxed e-con e-parent\" data-id=\"2c43364\" data-element_type=\"container\" data-e-type=\"container\">\n\t\t\t\t\t<div class=\"e-con-inner\">\n\t\t\t\t<div class=\"elementor-element elementor-element-c49c002 elementor-widget elementor-widget-text-editor\" data-id=\"c49c002\" data-element_type=\"widget\" data-e-type=\"widget\" data-widget_type=\"text-editor.default\">\n\t\t\t\t\t\t\t\t\t<p><b>PERIODONCIA<\/b><\/p><p>\u00a0<\/p><p><span style=\"font-weight: 400;\">La periodoncia es la disciplina que trata sobre las enfermedades de las enc\u00edas y el hueso alveolar.\u00a0<\/span><\/p><p>\u00a0<\/p><p><span style=\"font-weight: 400;\">La enfermedad periodontal es la enfermedad que afecta a las enc\u00edas y a la estructura de soporte de los dientes, y que es causada por las bacterias presentes en la placa que se acumula en los dientes.<\/span><\/p><p>\u00a0<\/p><p><span style=\"font-weight: 400;\">En una primera etapa se encuentra la gingivitis, producida por la acumulaci\u00f3n de placa bacteriana entre los dientes y la enc\u00eda, que se encuentra enrojecida e inflamada y sangra con facilidad. Si evoluciona sin tratamiento dar\u00e1 lugar a una periodontitis, conocida m\u00e1s coloquialmente como \u201cpiorrea\u201d.<\/span><\/p><p>\u00a0<\/p><p><span style=\"font-weight: 400;\">La periodontitis es m\u00e1s grave, ya que la placa penetrar\u00e1 m\u00e1s y m\u00e1s afectando a los tejidos de soporte de los dientes hasta que el hueso que sostiene el diente se destruye, dejando al descubierto las ra\u00edces y provocando la movilidad de las piezas dentarias. Entonces el diente se caer\u00e1 o necesitar\u00e1 ser extra\u00eddo.<\/span><\/p><p>\u00a0<\/p><p><span style=\"font-weight: 400;\">Existe la idea equivocada de que el sangrado de enc\u00edas es normal. Esta afirmaci\u00f3n es totalmente err\u00f3nea. La enc\u00eda debe estar bien pegada a los dientes para aislar el hueso de debajo del exterior. Si sangra, significa que existe comunicaci\u00f3n del exterior al interior contaminando y destruyendo, con el tiempo, el hueso de soporte dental que provocar\u00e1 la p\u00e9rdida de los dientes.<\/span><\/p><p>\u00a0<\/p><p><span style=\"font-weight: 400;\">\u00bfCu\u00e1les son sus s\u00edntomas?<\/span><\/p><ul><li style=\"font-weight: 400;\" aria-checked=\"false\" aria-level=\"1\"><span style=\"font-weight: 400;\">Enrojecimiento de las enc\u00edas.<\/span><\/li><li style=\"font-weight: 400;\" aria-checked=\"false\" aria-level=\"1\"><span style=\"font-weight: 400;\">Sangrado de las enc\u00edas al cepillarlas. Atenci\u00f3n: los fumadores no sangran aunque est\u00e9n infectados.<\/span><\/li><li style=\"font-weight: 400;\" aria-checked=\"false\" aria-level=\"1\"><span style=\"font-weight: 400;\">Retracci\u00f3n de las enc\u00edas dando la sensaci\u00f3n \u00f3ptica de dientes m\u00e1s largos.<\/span><\/li><li style=\"font-weight: 400;\" aria-checked=\"false\" aria-level=\"1\"><span style=\"font-weight: 400;\">Aumento de la sensibilidad dentaria al fr\u00edo.<\/span><\/li><li style=\"font-weight: 400;\" aria-checked=\"false\" aria-level=\"1\"><span style=\"font-weight: 400;\">Aparici\u00f3n de abscesos o flemones dolorosos en las enc\u00edas.<\/span><\/li><li style=\"font-weight: 400;\" aria-checked=\"false\" aria-level=\"1\"><span style=\"font-weight: 400;\">Movilidad y desplazamiento de los dientes.<\/span><\/li><\/ul><p><br \/><br \/><br \/><\/p><p><span style=\"font-weight: 400;\">\u00bfC\u00f3mo es su tratamiento?<\/span><\/p><p><span style=\"font-weight: 400;\">Cuanto antes se trate, mejor pron\u00f3stico de curaci\u00f3n tienen estas enfermedades. Por eso es importante acudir al dentista ante los primeros s\u00edntomas. Realizamos una detallada exploraci\u00f3n cl\u00ednica, radiol\u00f3gica y, en ocasiones, microbiol\u00f3gica. Con esta informaci\u00f3n podremos desarrollar un tratamiento espec\u00edfico y eficaz.<\/span><\/p><p>\u00a0<\/p><p><span style=\"font-weight: 400;\">El tratamiento consiste en:<\/span><\/p><ul><li style=\"font-weight: 400;\" aria-checked=\"false\" aria-level=\"1\"><span style=\"font-weight: 400;\">Limpieza meticulosa de las ra\u00edces dentales mediante raspados y alisados radiculares.<\/span><\/li><li style=\"font-weight: 400;\" aria-checked=\"false\" aria-level=\"1\"><span style=\"font-weight: 400;\">Gingivectom\u00eda<\/span><\/li><li style=\"font-weight: 400;\" aria-checked=\"false\" aria-level=\"1\"><span style=\"font-weight: 400;\">Utilizaci\u00f3n de t\u00e9cnicas regenerativas cuando es necesario y posible.<\/span><\/li><li style=\"font-weight: 400;\" aria-checked=\"false\" aria-level=\"1\"><span style=\"font-weight: 400;\">Estabilizaci\u00f3n de los dientes m\u00f3viles.<\/span><\/li><li style=\"font-weight: 400;\" aria-checked=\"false\" aria-level=\"1\"><span style=\"font-weight: 400;\">Seguimientos peri\u00f3dicos: Para evitar la reactivaci\u00f3n de la enfermedad, es necesario visitar peri\u00f3dicamente a la higienista periodontal para la eliminaci\u00f3n de la placa dental bacteriana y c\u00e1lculos acumulados.<\/span><\/li><li style=\"font-weight: 400;\" aria-checked=\"false\" aria-level=\"1\"><span style=\"font-weight: 400;\">Para combatir esta enfermedad y evitar nuevos brotes agudos, es fundamental tener una correcta higiene bucodental para combatir la aparici\u00f3n de placa y evitar que se endurezca, que es lo que se denomina habitualmente sarro.<\/span><\/li><\/ul>\t\t\t\t\t\t\t\t<\/div>\n\t\t\t\t\t<\/div>\n\t\t\t\t<\/div>\n\t\t\t\t<\/div>\n\t\t","protected":false},"excerpt":{"rendered":"<p>PERIODONCIA \u00a0 La periodoncia es la disciplina que trata sobre las enfermedades de las enc\u00edas y el hueso alveolar.\u00a0 \u00a0 La enfermedad periodontal es la enfermedad que afecta a las enc\u00edas y a la estructura de soporte de los dientes, y que es causada por las bacterias presentes en la placa que se acumula en&hellip;<\/p>\n","protected":false},"author":1,"featured_media":0,"parent":24825,"menu_order":0,"comment_status":"closed","ping_status":"closed","template":"page-fullwidth.php","meta":{"footnotes":""},"class_list":["post-30277","page","type-page","status-publish","hentry"],"_links":{"self":[{"href":"https:\/\/new.alarconodontologos.com\/index.php?rest_route=\/wp\/v2\/pages\/30277","targetHints":{"allow":["GET"]}}],"collection":[{"href":"https:\/\/new.alarconodontologos.com\/index.php?rest_route=\/wp\/v2\/pages"}],"about":[{"href":"https:\/\/new.alarconodontologos.com\/index.php?rest_route=\/wp\/v2\/types\/page"}],"author":[{"embeddable":true,"href":"https:\/\/new.alarconodontologos.com\/index.php?rest_route=\/wp\/v2\/users\/1"}],"replies":[{"embeddable":true,"href":"https:\/\/new.alarconodontologos.com\/index.php?rest_route=%2Fwp%2Fv2%2Fcomments&post=30277"}],"version-history":[{"count":0,"href":"https:\/\/new.alarconodontologos.com\/index.php?rest_route=\/wp\/v2\/pages\/30277\/revisions"}],"up":[{"embeddable":true,"href":"https:\/\/new.alarconodontologos.com\/index.php?rest_route=\/wp\/v2\/pages\/24825"}],"wp:attachment":[{"href":"https:\/\/new.alarconodontologos.com\/index.php?rest_route=%2Fwp%2Fv2%2Fmedia&parent=30277"}],"curies":[{"name":"wp","href":"https:\/\/api.w.org\/{rel}","templated":true}]}}