{"id":30279,"date":"2025-11-22T11:22:48","date_gmt":"2025-11-22T10:22:48","guid":{"rendered":"https:\/\/alarconortodoncia.com\/?page_id=30279"},"modified":"2025-11-22T11:22:48","modified_gmt":"2025-11-22T10:22:48","slug":"endodoncia","status":"publish","type":"page","link":"https:\/\/new.alarconodontologos.com\/?page_id=30279","title":{"rendered":"ENDODONCIA"},"content":{"rendered":"\t\t<div data-elementor-type=\"wp-page\" data-elementor-id=\"30279\" class=\"elementor elementor-30279\" data-elementor-post-type=\"page\">\n\t\t\t\t<div class=\"elementor-element elementor-element-85197e5 e-flex e-con-boxed e-con e-parent\" data-id=\"85197e5\" data-element_type=\"container\" data-e-type=\"container\">\n\t\t\t\t\t<div class=\"e-con-inner\">\n\t\t\t\t<div class=\"elementor-element elementor-element-889f606 elementor-widget elementor-widget-text-editor\" data-id=\"889f606\" data-element_type=\"widget\" data-e-type=\"widget\" data-widget_type=\"text-editor.default\">\n\t\t\t\t\t\t\t\t\t<p><b>ENDODONCIA<\/b><\/p><p><span style=\"font-weight: 400;\">La endodoncia o tratamiento de conductos es la t\u00e9cnica empleada para retirar la pulpa del diente da\u00f1ado y sellar el conducto pulpar, eliminando as\u00ed la causa del dolor.<\/span><\/p><p><span style=\"font-weight: 400;\">El tratamiento lo realiza un especialista en endodoncia y es un procedimiento seguro y eficaz que nos permite conservar la pieza dental y reconstruirla para que luzca perfecta y permanezca sana.<\/span><\/p><p><span style=\"font-weight: 400;\">Tras el tratamiento podr\u00e1s recuperar la funcionalidad y el aspecto natural de tus dientes.<\/span><\/p><p><span style=\"font-weight: 400;\">Adem\u00e1s, se realiza con anestesia local para evitar molestias durante la intervenci\u00f3n.<\/span><\/p><p><span style=\"font-weight: 400;\">Esta se utiliza ante s\u00edntomas como:<\/span><\/p><ul><li style=\"font-weight: 400;\" aria-checked=\"false\" aria-level=\"1\"><span style=\"font-weight: 400;\">Sensibilidad dental al fr\u00edo<\/span><\/li><li style=\"font-weight: 400;\" aria-checked=\"false\" aria-level=\"1\"><span style=\"font-weight: 400;\">Inflamaci\u00f3n de las enc\u00edas<\/span><\/li><li style=\"font-weight: 400;\" aria-checked=\"false\" aria-level=\"1\"><span style=\"font-weight: 400;\">Molestias al masticar<\/span><\/li><li style=\"font-weight: 400;\" aria-checked=\"false\" aria-level=\"1\"><span style=\"font-weight: 400;\">Cambio de color en las piezas dentales<\/span><\/li><\/ul><p><span style=\"font-weight: 400;\">PROCEDIMIENTO<\/span><\/p><p><span style=\"font-weight: 400;\">Aunque el tratamiento de endodoncia es un procedimiento sencillo para nuestros endodoncistas, requiere pasar por diversas fases para obtener el mejor resultado.<\/span><\/p><p><span style=\"font-weight: 400;\">Exploraci\u00f3n intraoral y radiograf\u00edas para valorar el estado de salud bucodental y la necesidad de aplicar este tratamiento.<\/span><\/p><p><span style=\"font-weight: 400;\">Se aplica anestesia local, despu\u00e9s de comprobar que no existe inflamaci\u00f3n o infecci\u00f3n. En este \u00faltimo caso se recetar\u00e1 antibi\u00f3tico o antiinflamatorios.<\/span><\/p><p><span style=\"font-weight: 400;\">Se coloca un dique de goma para mantener el diente aislado, limpio y sin contacto con la saliva durante el procedimiento.<\/span><\/p><p><span style=\"font-weight: 400;\">A continuaci\u00f3n, se perfora levemente la corona del diente para acceder a la pulpa. Luego extrae el tejido infectado y limpia los conductos radiculares.<\/span><\/p><p><span style=\"font-weight: 400;\">Se usan unos instrumentos y una soluci\u00f3n irrigadora desinfectante para limpiar la pulpa de los conductos radiculares.<\/span><\/p><p><span style=\"font-weight: 400;\">Cuando la zona est\u00e1 bien desinfectada, se procede a la obturaci\u00f3n. Este paso consiste en rellenar y sellar con un material biocompatible (generalmente gutapercha con un cemento) los conductos que previamente se han limpiado.<\/span><\/p><p><span style=\"font-weight: 400;\">Para finalizar se coloca una restauraci\u00f3n temporal o definitiva (\u201cempaste\u201d o reconstrucci\u00f3n de la apertura realizada y de la porci\u00f3n de la corona que pudiera necesitarla).<\/span><\/p><p><span style=\"font-weight: 400;\">Tras la endodoncia citamos al paciente para restaurar el diente afectado y devolverle su aspecto previo al problema. En esta cita tambi\u00e9n se valorar\u00e1 el estado de la endodoncia.<\/span><\/p>\t\t\t\t\t\t\t\t<\/div>\n\t\t\t\t\t<\/div>\n\t\t\t\t<\/div>\n\t\t\t\t<\/div>\n\t\t","protected":false},"excerpt":{"rendered":"<p>ENDODONCIA La endodoncia o tratamiento de conductos es la t\u00e9cnica empleada para retirar la pulpa del diente da\u00f1ado y sellar el conducto pulpar, eliminando as\u00ed la causa del dolor. El tratamiento lo realiza un especialista en endodoncia y es un procedimiento seguro y eficaz que nos permite conservar la pieza dental y reconstruirla para que&hellip;<\/p>\n","protected":false},"author":1,"featured_media":0,"parent":24825,"menu_order":0,"comment_status":"closed","ping_status":"closed","template":"page-fullwidth.php","meta":{"footnotes":""},"class_list":["post-30279","page","type-page","status-publish","hentry"],"_links":{"self":[{"href":"https:\/\/new.alarconodontologos.com\/index.php?rest_route=\/wp\/v2\/pages\/30279","targetHints":{"allow":["GET"]}}],"collection":[{"href":"https:\/\/new.alarconodontologos.com\/index.php?rest_route=\/wp\/v2\/pages"}],"about":[{"href":"https:\/\/new.alarconodontologos.com\/index.php?rest_route=\/wp\/v2\/types\/page"}],"author":[{"embeddable":true,"href":"https:\/\/new.alarconodontologos.com\/index.php?rest_route=\/wp\/v2\/users\/1"}],"replies":[{"embeddable":true,"href":"https:\/\/new.alarconodontologos.com\/index.php?rest_route=%2Fwp%2Fv2%2Fcomments&post=30279"}],"version-history":[{"count":0,"href":"https:\/\/new.alarconodontologos.com\/index.php?rest_route=\/wp\/v2\/pages\/30279\/revisions"}],"up":[{"embeddable":true,"href":"https:\/\/new.alarconodontologos.com\/index.php?rest_route=\/wp\/v2\/pages\/24825"}],"wp:attachment":[{"href":"https:\/\/new.alarconodontologos.com\/index.php?rest_route=%2Fwp%2Fv2%2Fmedia&parent=30279"}],"curies":[{"name":"wp","href":"https:\/\/api.w.org\/{rel}","templated":true}]}}