{"id":30668,"date":"2025-11-24T08:48:25","date_gmt":"2025-11-24T07:48:25","guid":{"rendered":"https:\/\/alarconortodoncia.com\/?page_id=30668"},"modified":"2025-11-24T08:48:25","modified_gmt":"2025-11-24T07:48:25","slug":"declaracion-de-accesibilidad","status":"publish","type":"page","link":"https:\/\/new.alarconodontologos.com\/?page_id=30668","title":{"rendered":"Declaraci\u00f3n de Accesibilidad"},"content":{"rendered":"\t\t<div data-elementor-type=\"wp-page\" data-elementor-id=\"30668\" class=\"elementor elementor-30668\" data-elementor-post-type=\"page\">\n\t\t\t\t<div class=\"elementor-element elementor-element-00dc5e6 e-flex e-con-boxed e-con e-parent\" data-id=\"00dc5e6\" data-element_type=\"container\" data-e-type=\"container\">\n\t\t\t\t\t<div class=\"e-con-inner\">\n\t\t\t\t<div class=\"elementor-element elementor-element-eab2a38 elementor-widget elementor-widget-text-editor\" data-id=\"eab2a38\" data-element_type=\"widget\" data-e-type=\"widget\" data-widget_type=\"text-editor.default\">\n\t\t\t\t\t\t\t\t\t<h4>Nuestro sitio web&nbsp;<a href=\"https:\/\/alarconodontologos.com\/\"><b>https:\/\/alarconodontologos.com\/<\/b><\/a>, ha sido dise\u00f1ado y desarrollado con el objetivo de ser accesible para todos los usuarios, independientemente de sus habilidades o discapacidades. Hemos seguido las normas y est\u00e1ndares de accesibilidad establecidos por el Web Content Accessibility Guidelines (WCAG) 2.1 para garantizar que nuestro sitio sea f\u00e1cil de usar para todos.<\/h4>\n<h4>Para lograr esto, hemos utilizado el sistema de gesti\u00f3n de contenidos WordPress, as\u00ed como los plugins elementor y Wp Accessibility. Estos plugins nos han permitido crear una interfaz de usuario intuitiva y f\u00e1cil de navegar, y tambi\u00e9n han proporcionado funciones espec\u00edficas de accesibilidad, como la posibilidad de aumentar el tama\u00f1o del texto, cambiar los colores de la interfaz y utilizar la navegaci\u00f3n por teclado.<\/h4>\n<h4>Si tiene alg\u00fan problema para acceder a la informaci\u00f3n en nuestro sitio, o si encuentra alg\u00fan error, por favor cont\u00e1ctenos a trav\u00e9s de nuestro correo electr\u00f3nico&nbsp;<a href=\"mailto:info@ondise%C3%B1o.com\">info@alarconortodoncia.com<\/a>&nbsp;Haremos todo lo posible para proporcionarle la informaci\u00f3n de la forma que mejor se adapte a sus necesidades.<\/h4>\n<h4>Estamos comprometidos a mejorar continuamente la accesibilidad de nuestro sitio y agradecemos cualquier comentario o sugerencia que pueda tener.<\/h4>\n<h4>Fecha de la \u00faltima revisi\u00f3n: 02-12-2025<\/h4>\t\t\t\t\t\t\t\t<\/div>\n\t\t\t\t\t<\/div>\n\t\t\t\t<\/div>\n\t\t\t\t<\/div>\n\t\t","protected":false},"excerpt":{"rendered":"<p>Nuestro sitio web&nbsp;https:\/\/new.alarconodontologos.com\/, ha sido dise\u00f1ado y desarrollado con el objetivo de ser accesible para todos los usuarios, independientemente de sus habilidades o discapacidades. Hemos seguido las normas y est\u00e1ndares de accesibilidad establecidos por el Web Content Accessibility Guidelines (WCAG) 2.1 para garantizar que nuestro sitio sea f\u00e1cil de usar para todos. Para lograr esto,&hellip;<\/p>\n","protected":false},"author":1,"featured_media":0,"parent":0,"menu_order":0,"comment_status":"closed","ping_status":"closed","template":"page-fullwidth.php","meta":{"footnotes":""},"class_list":["post-30668","page","type-page","status-publish","hentry"],"_links":{"self":[{"href":"https:\/\/new.alarconodontologos.com\/index.php?rest_route=\/wp\/v2\/pages\/30668","targetHints":{"allow":["GET"]}}],"collection":[{"href":"https:\/\/new.alarconodontologos.com\/index.php?rest_route=\/wp\/v2\/pages"}],"about":[{"href":"https:\/\/new.alarconodontologos.com\/index.php?rest_route=\/wp\/v2\/types\/page"}],"author":[{"embeddable":true,"href":"https:\/\/new.alarconodontologos.com\/index.php?rest_route=\/wp\/v2\/users\/1"}],"replies":[{"embeddable":true,"href":"https:\/\/new.alarconodontologos.com\/index.php?rest_route=%2Fwp%2Fv2%2Fcomments&post=30668"}],"version-history":[{"count":0,"href":"https:\/\/new.alarconodontologos.com\/index.php?rest_route=\/wp\/v2\/pages\/30668\/revisions"}],"wp:attachment":[{"href":"https:\/\/new.alarconodontologos.com\/index.php?rest_route=%2Fwp%2Fv2%2Fmedia&parent=30668"}],"curies":[{"name":"wp","href":"https:\/\/api.w.org\/{rel}","templated":true}]}}