{"id":30697,"date":"2025-11-24T10:57:03","date_gmt":"2025-11-24T09:57:03","guid":{"rendered":"https:\/\/alarconortodoncia.com\/?page_id=30697"},"modified":"2025-11-24T10:57:03","modified_gmt":"2025-11-24T09:57:03","slug":"1-cita-gratis","status":"publish","type":"page","link":"https:\/\/new.alarconodontologos.com\/?page_id=30697","title":{"rendered":"1 CITA GRATIS"},"content":{"rendered":"\t\t<div data-elementor-type=\"wp-page\" data-elementor-id=\"30697\" class=\"elementor elementor-30697\" data-elementor-post-type=\"page\">\n\t\t\t\t<div class=\"elementor-element elementor-element-d943bbc e-flex e-con-boxed e-con e-parent\" data-id=\"d943bbc\" data-element_type=\"container\" data-e-type=\"container\">\n\t\t\t\t\t<div class=\"e-con-inner\">\n\t\t\t\t<div class=\"elementor-element elementor-element-5113c01 elementor-widget elementor-widget-text-editor\" data-id=\"5113c01\" data-element_type=\"widget\" data-e-type=\"widget\" data-widget_type=\"text-editor.default\">\n\t\t\t\t\t\t\t\t\t<p><span style=\"font-weight: 400;\">Primera visita gratis valorada en 146 euros. \u00bfQu\u00e9 incluye?*<\/span><\/p><p>\u00a0<\/p><ul><li style=\"font-weight: 400;\" aria-level=\"1\"><span style=\"font-weight: 400;\">Presentaci\u00f3n de la empresa y toma de datos del paciente.<\/span><\/li><li style=\"font-weight: 400;\" aria-level=\"1\"><span style=\"font-weight: 400;\">Realizaci\u00f3n de Ortopantomograf\u00eda (radiograf\u00eda panor\u00e1mica de la boca)<\/span><\/li><li style=\"font-weight: 400;\" aria-level=\"1\"><span style=\"font-weight: 400;\">Examen oral por parte del doctor<\/span><\/li><li style=\"font-weight: 400;\" aria-level=\"1\"><span style=\"font-weight: 400;\">Explicaci\u00f3n del diagn\u00f3stico y posibles alternativas de tratamiento.<\/span><\/li><li style=\"font-weight: 400;\" aria-level=\"1\"><span style=\"font-weight: 400;\">Realizaci\u00f3n de presupuesto seg\u00fan diagn\u00f3stico.<\/span><\/li><\/ul><p><span style=\"font-weight: 400;\">* En caso de ser necesario una prueba complementaria para realizar el diagn\u00f3stico en la primera cita, \u00e9sta se abonar\u00e1 aparte.<\/span><\/p><h2><b>\u00bfCrees que no tienes caries?<\/b><\/h2><p><span style=\"font-weight: 400;\">La caries es un proceso muy com\u00fan debido a los \u00e1cidos de la placa bacteriana. Estos \u00e1cidos atacan el esmalte del diente desde fuera hasta la pulpa interior. Cuando la caries llega a la pulpa, se producen molestias o sensibilidad, y finalmente un dolor muy intenso.\u00a0<\/span><\/p><p><span style=\"font-weight: 400;\">La caries, en su primera fase de desarrollo, no es algo evidente, por lo tanto para poder detectarla a tiempo la \u00fanica manera es la revisi\u00f3n dental profesional. Pide ahora tu cita de diagn\u00f3stico gratuito y evita sorpresas desagradables<\/span><span style=\"font-weight: 400;\">.\u00a0<\/span><\/p><p>\u00a0<\/p><p><b>Detecci\u00f3n temprana, soluci\u00f3n sencilla.<\/b><\/p><p>\u00a0<\/p><p><span style=\"font-weight: 400;\">Si la caries est\u00e1 en fase inicial, eliminaremos f\u00e1cilmente el tejido afectado y realizaremos un sencillo empaste. Si la caries est\u00e1 muy avanzada, tendremos que retirar el nervio para evitar el dolor mediante una endodoncia. Y en casos extremos la caries puede destruir el diente y extender la infecci\u00f3n, pudiendo ser necesaria la extracci\u00f3n de la pieza. En cualquier caso, podemos ayudarte a solucionar el problema.<\/span><\/p><p>\u00a0<\/p><p><b>REVISI\u00d3N DENTAL\u00a0<\/b><\/p><p><span style=\"font-weight: 400;\">La revisi\u00f3n dental forma parte de los tratamientos de prevenci\u00f3n dental. Esta consiste en una inspecci\u00f3n intraoral para valorar el estado de los dientes, enc\u00edas y tejidos blandos de la boca. As\u00ed, es posible identificar o descartar problemas bucodentales a tiempo.<\/span><\/p><p>\u00a0<\/p><p><span style=\"font-weight: 400;\">Durante la revisi\u00f3n, el dentista toma registros y radiograf\u00edas para cerciorarse de que los dientes, enc\u00edas, mucosas y estructuras \u00f3seas se conservan en perfecto estado y no requieren de un tratamiento espec\u00edfico.<\/span><\/p><p>\u00a0<\/p><p><span style=\"font-weight: 400;\">Adem\u00e1s, el odont\u00f3logo aconseja al paciente sobre las mejores pr\u00e1cticas para la prevenci\u00f3n en salud dental.<\/span><\/p><p>\u00a0<\/p><p><span style=\"font-weight: 400;\">La periodicidad m\u00e1s adecuada para hacerse revisiones dentales depende de cada persona y de su estado bucodental, aunque lo m\u00e1s habitual es que el dentista aconseje hacer una revisi\u00f3n anual, en la que tambi\u00e9n se haga una limpieza dental.<\/span><\/p><p>\u00a0<\/p><h4><span style=\"font-weight: 400;\">M\u00e1s vale prevenir que empastar..<\/span><\/h4><p><span style=\"font-weight: 400;\">Los correctos h\u00e1bitos de higiene dental, las revisiones dentales son clave para evitar las caries y los serios problemas que provocan. Nuestras higienistas dentales te facilitara las pautas y t\u00e9cnicas necesarias para una limipieza \u00f3ptima.\u00a0<\/span><\/p><p><span style=\"font-weight: 400;\">Para segurarnos realizamos revisiones semestrales a nuestros clientes sin coste y recomendamos una limpieza dental avanzada al menos una vez al a\u00f1o.<\/span><\/p>\t\t\t\t\t\t\t\t<\/div>\n\t\t\t\t\t<\/div>\n\t\t\t\t<\/div>\n\t\t\t\t<\/div>\n\t\t","protected":false},"excerpt":{"rendered":"<p>Primera visita gratis valorada en 146 euros. \u00bfQu\u00e9 incluye?* \u00a0 Presentaci\u00f3n de la empresa y toma de datos del paciente. Realizaci\u00f3n de Ortopantomograf\u00eda (radiograf\u00eda panor\u00e1mica de la boca) Examen oral por parte del doctor Explicaci\u00f3n del diagn\u00f3stico y posibles alternativas de tratamiento. Realizaci\u00f3n de presupuesto seg\u00fan diagn\u00f3stico. * En caso de ser necesario una prueba&hellip;<\/p>\n","protected":false},"author":1,"featured_media":0,"parent":0,"menu_order":0,"comment_status":"closed","ping_status":"closed","template":"page-fullwidth.php","meta":{"footnotes":""},"class_list":["post-30697","page","type-page","status-publish","hentry"],"_links":{"self":[{"href":"https:\/\/new.alarconodontologos.com\/index.php?rest_route=\/wp\/v2\/pages\/30697","targetHints":{"allow":["GET"]}}],"collection":[{"href":"https:\/\/new.alarconodontologos.com\/index.php?rest_route=\/wp\/v2\/pages"}],"about":[{"href":"https:\/\/new.alarconodontologos.com\/index.php?rest_route=\/wp\/v2\/types\/page"}],"author":[{"embeddable":true,"href":"https:\/\/new.alarconodontologos.com\/index.php?rest_route=\/wp\/v2\/users\/1"}],"replies":[{"embeddable":true,"href":"https:\/\/new.alarconodontologos.com\/index.php?rest_route=%2Fwp%2Fv2%2Fcomments&post=30697"}],"version-history":[{"count":0,"href":"https:\/\/new.alarconodontologos.com\/index.php?rest_route=\/wp\/v2\/pages\/30697\/revisions"}],"wp:attachment":[{"href":"https:\/\/new.alarconodontologos.com\/index.php?rest_route=%2Fwp%2Fv2%2Fmedia&parent=30697"}],"curies":[{"name":"wp","href":"https:\/\/api.w.org\/{rel}","templated":true}]}}